{"id":49,"date":"2025-07-21T12:33:05","date_gmt":"2025-07-21T12:33:05","guid":{"rendered":"https:\/\/mezurateknoloji.com\/?page_id=49"},"modified":"2025-07-27T18:57:44","modified_gmt":"2025-07-27T18:57:44","slug":"urunler","status":"publish","type":"page","link":"https:\/\/mezurateknoloji.com\/index.php\/urunler\/","title":{"rendered":"\u00dcr\u00fcnler"},"content":{"rendered":"\n<p>Yap\u0131m A\u015famas\u0131nda<\/p>\n","protected":false},"excerpt":{"rendered":"<p>Yap\u0131m A\u015famas\u0131nda<\/p>\n","protected":false},"author":1,"featured_media":0,"parent":0,"menu_order":0,"comment_status":"closed","ping_status":"closed","template":"","meta":{"footnotes":""},"class_list":["post-49","page","type-page","status-publish","hentry","post"],"_links":{"self":[{"href":"https:\/\/mezurateknoloji.com\/index.php\/wp-json\/wp\/v2\/pages\/49","targetHints":{"allow":["GET"]}}],"collection":[{"href":"https:\/\/mezurateknoloji.com\/index.php\/wp-json\/wp\/v2\/pages"}],"about":[{"href":"https:\/\/mezurateknoloji.com\/index.php\/wp-json\/wp\/v2\/types\/page"}],"author":[{"embeddable":true,"href":"https:\/\/mezurateknoloji.com\/index.php\/wp-json\/wp\/v2\/users\/1"}],"replies":[{"embeddable":true,"href":"https:\/\/mezurateknoloji.com\/index.php\/wp-json\/wp\/v2\/comments?post=49"}],"version-history":[{"count":2,"href":"https:\/\/mezurateknoloji.com\/index.php\/wp-json\/wp\/v2\/pages\/49\/revisions"}],"predecessor-version":[{"id":51,"href":"https:\/\/mezurateknoloji.com\/index.php\/wp-json\/wp\/v2\/pages\/49\/revisions\/51"}],"wp:attachment":[{"href":"https:\/\/mezurateknoloji.com\/index.php\/wp-json\/wp\/v2\/media?parent=49"}],"curies":[{"name":"wp","href":"https:\/\/api.w.org\/{rel}","templated":true}]}}